{"id":43,"date":"2026-03-16T12:57:50","date_gmt":"2026-03-16T12:57:50","guid":{"rendered":"https:\/\/mayrit.eu\/?page_id=43"},"modified":"2026-03-31T15:51:53","modified_gmt":"2026-03-31T15:51:53","slug":"nuestros-servicios","status":"publish","type":"page","link":"https:\/\/mayrit.eu\/en\/nuestros-servicios\/","title":{"rendered":"Services"},"content":{"rendered":"<div data-elementor-type=\"wp-page\" data-elementor-id=\"43\" class=\"elementor elementor-43\">\n\t\t\t\t<div class=\"elementor-element elementor-element-5d46b7b e-con-full e-flex e-con e-parent\" data-id=\"5d46b7b\" data-element_type=\"container\" data-e-type=\"container\">\n\t\t<div class=\"elementor-element elementor-element-03f74ad e-con-full e-flex e-con e-child\" data-id=\"03f74ad\" data-element_type=\"container\" data-e-type=\"container\">\n\t\t<div class=\"elementor-element elementor-element-34a8bc8 e-con-full e-flex e-con e-child\" data-id=\"34a8bc8\" data-element_type=\"container\" data-e-type=\"container\" data-settings=\"{&quot;background_background&quot;:&quot;classic&quot;}\">\n\t\t<div class=\"elementor-element elementor-element-08b7684 e-con-full columna-1 e-flex e-con e-child\" data-id=\"08b7684\" data-element_type=\"container\" data-e-type=\"container\">\n\t\t\t\t<div class=\"elementor-element elementor-element-0197ed9 e-transform elementor-widget elementor-widget-heading\" data-id=\"0197ed9\" data-element_type=\"widget\" data-e-type=\"widget\" data-settings=\"{&quot;_transform_rotateZ_effect&quot;:{&quot;unit&quot;:&quot;px&quot;,&quot;size&quot;:&quot;&quot;,&quot;sizes&quot;:[]},&quot;_transform_rotateZ_effect_tablet&quot;:{&quot;unit&quot;:&quot;deg&quot;,&quot;size&quot;:&quot;&quot;,&quot;sizes&quot;:[]},&quot;_transform_rotateZ_effect_mobile&quot;:{&quot;unit&quot;:&quot;deg&quot;,&quot;size&quot;:&quot;&quot;,&quot;sizes&quot;:[]}}\" data-widget_type=\"heading.default\">\n\t\t\t\t\t<h2 class=\"elementor-heading-title elementor-size-default\">TOUR MANAGEMENT<\/h2>\t\t\t\t<\/div>\n\t\t\t\t<div class=\"elementor-element elementor-element-c153b27 syspa-text elementor-widget elementor-widget-text-editor\" data-id=\"c153b27\" data-element_type=\"widget\" data-e-type=\"widget\" data-widget_type=\"text-editor.default\">\n\t\t\t\t\t\t\t\t\t<p>We are your office in Spain: we handle everything an international tour needs to run smoothly.<\/p><p>From flights and accommodation to fee collection, supplier payments, and final settlements with promoters.<\/p><p>You perform. We take care of the rest.<\/p>\t\t\t\t\t\t\t\t<\/div>\n\t\t\t\t<div class=\"elementor-element elementor-element-8c07de6 elementor-align-center syspa-boton elementor-widget elementor-widget-button\" data-id=\"8c07de6\" data-element_type=\"widget\" data-e-type=\"widget\" data-widget_type=\"button.default\">\n\t\t\t\t\t\t\t\t\t\t<a class=\"elementor-button elementor-button-link elementor-size-sm\" href=\"https:\/\/mayrit.eu\/en\/contacto\/\">\n\t\t\t\t\t\t<span class=\"elementor-button-content-wrapper\">\n\t\t\t\t\t\t\t\t\t<span class=\"elementor-button-text\">LET'S START!<\/span>\n\t\t\t\t\t<\/span>\n\t\t\t\t\t<\/a>\n\t\t\t\t\t\t\t\t<\/div>\n\t\t\t\t<\/div>\n\t\t\t\t<\/div>\n\t\t\t\t<\/div>\n\t\t<div class=\"elementor-element elementor-element-9797096 e-con-full e-flex e-con e-child\" data-id=\"9797096\" data-element_type=\"container\" data-e-type=\"container\">\n\t\t<div class=\"elementor-element elementor-element-81d043d e-con-full e-flex e-con e-child\" data-id=\"81d043d\" data-element_type=\"container\" data-e-type=\"container\" data-settings=\"{&quot;background_background&quot;:&quot;classic&quot;}\">\n\t\t<div class=\"elementor-element elementor-element-21d7259 e-con-full columna-1 e-flex e-con e-child\" data-id=\"21d7259\" data-element_type=\"container\" data-e-type=\"container\">\n\t\t\t\t<div class=\"elementor-element elementor-element-67f854a syspa-text elementor-widget elementor-widget-text-editor\" data-id=\"67f854a\" data-element_type=\"widget\" data-e-type=\"widget\" data-widget_type=\"text-editor.default\">\n\t\t\t\t\t\t\t\t\t<p class=\"p1\">We design and produce tailored private and corporate events, taking care of every detail from start to finish.<\/p><p class=\"p1\">We create solid, well-executed experiences aligned with each client.<\/p><p class=\"p1\">Coordination, aesthetics, and precision to ensure everything runs smoothly.<\/p>\t\t\t\t\t\t\t\t<\/div>\n\t\t\t\t<div class=\"elementor-element elementor-element-d2a04b2 elementor-widget__width-inherit elementor-widget elementor-widget-heading\" data-id=\"d2a04b2\" data-element_type=\"widget\" data-e-type=\"widget\" data-widget_type=\"heading.default\">\n\t\t\t\t\t<h2 class=\"elementor-heading-title elementor-size-default\">EVENT PRODUCTION<\/h2>\t\t\t\t<\/div>\n\t\t\t\t<div class=\"elementor-element elementor-element-ac737b0 elementor-align-center syspa-boton elementor-widget elementor-widget-button\" data-id=\"ac737b0\" data-element_type=\"widget\" data-e-type=\"widget\" data-widget_type=\"button.default\">\n\t\t\t\t\t\t\t\t\t\t<a class=\"elementor-button elementor-button-link elementor-size-sm\" href=\"https:\/\/mayrit.eu\/en\/contacto\/\">\n\t\t\t\t\t\t<span class=\"elementor-button-content-wrapper\">\n\t\t\t\t\t\t\t\t\t<span class=\"elementor-button-text\">LET'S START!<\/span>\n\t\t\t\t\t<\/span>\n\t\t\t\t\t<\/a>\n\t\t\t\t\t\t\t\t<\/div>\n\t\t\t\t<\/div>\n\t\t\t\t<\/div>\n\t\t\t\t<div class=\"elementor-element elementor-element-686ccb1 elementor-widget elementor-widget-html\" data-id=\"686ccb1\" data-element_type=\"widget\" data-e-type=\"widget\" data-widget_type=\"html.default\">\n\t\t\t\t\t<style>\n.columna-1 {\n  overflow: hidden;\n}\n.columna-1 .syspa-text, .syspa-boton {\n  transition: all 0.5s ease;\n  opacity: 0;\n  margin-top: -80px;\n}\n.columna-1:hover .syspa-text,\n.columna-1:hover .syspa-boton {\n  opacity: 1;\n  margin-top: 20px;\n}\n\n.columna-2 .syspa-text, .syspa-boton {\n  transition: all 0.5s ease;\n  opacity: 0;\n  margin-top: -80px;\n}\n.columna-2:hover .syspa-text,\n.columna-2:hover .syspa-boton {\n  opacity: 1;\n  margin-top: 20px;\n}\n\n.columna-3 .syspa-text, .syspa-boton {\n  transition: all 0.5s ease;\n  opacity: 0;\n  margin-top: -80px;\n}\n.columna-3:hover .syspa-text,\n.columna-3:hover .syspa-boton {\n  opacity: 1;\n  margin-top: 20px;\n}\n<\/style>\t\t\t\t<\/div>\n\t\t\t\t<\/div>\n\t\t<div class=\"elementor-element elementor-element-caa53d5 e-con-full e-flex e-con e-child\" data-id=\"caa53d5\" data-element_type=\"container\" data-e-type=\"container\">\n\t\t<div class=\"elementor-element elementor-element-6e58197 e-con-full e-flex e-con e-child\" data-id=\"6e58197\" data-element_type=\"container\" data-e-type=\"container\" data-settings=\"{&quot;background_background&quot;:&quot;classic&quot;}\">\n\t\t<div class=\"elementor-element elementor-element-d156316 e-con-full columna-1 e-flex e-con e-child\" data-id=\"d156316\" data-element_type=\"container\" data-e-type=\"container\">\n\t\t\t\t<div class=\"elementor-element elementor-element-5cddcc5 elementor-widget elementor-widget-heading\" data-id=\"5cddcc5\" data-element_type=\"widget\" data-e-type=\"widget\" data-widget_type=\"heading.default\">\n\t\t\t\t\t<h2 class=\"elementor-heading-title elementor-size-default translation-block\">FESTIVALS &amp; CONCERTS<\/h2>\t\t\t\t<\/div>\n\t\t\t\t<div class=\"elementor-element elementor-element-6e2c3a4 syspa-text elementor-widget elementor-widget-text-editor\" data-id=\"6e2c3a4\" data-element_type=\"widget\" data-e-type=\"widget\" data-widget_type=\"text-editor.default\">\n\t\t\t\t\t\t\t\t\t<p class=\"p1\">Full-scale production of festivals and concerts, from concept to technical execution.<\/p>\n<p class=\"p1\">We manage venues, artists, and teams with a global vision.<\/p>\n<p class=\"p1\">Events designed to make an impact, connect with audiences, and perform at scale.<\/p>\t\t\t\t\t\t\t\t<\/div>\n\t\t\t\t<div class=\"elementor-element elementor-element-ee95bc7 elementor-align-center syspa-boton elementor-widget elementor-widget-button\" data-id=\"ee95bc7\" data-element_type=\"widget\" data-e-type=\"widget\" data-widget_type=\"button.default\">\n\t\t\t\t\t\t\t\t\t\t<a class=\"elementor-button elementor-button-link elementor-size-sm\" href=\"https:\/\/mayrit.eu\/en\/contacto\/\">\n\t\t\t\t\t\t<span class=\"elementor-button-content-wrapper\">\n\t\t\t\t\t\t\t\t\t<span class=\"elementor-button-text\">LET'S START!<\/span>\n\t\t\t\t\t<\/span>\n\t\t\t\t\t<\/a>\n\t\t\t\t\t\t\t\t<\/div>\n\t\t\t\t<\/div>\n\t\t\t\t<\/div>\n\t\t\t\t<\/div>\n\t\t\t\t<\/div>\n\t\t<div class=\"elementor-element elementor-element-ec0f1d4 e-con-full e-flex e-con e-parent\" data-id=\"ec0f1d4\" data-element_type=\"container\" data-e-type=\"container\">\n\t\t<div class=\"elementor-element elementor-element-6d9856f e-con-full e-flex e-con e-child\" data-id=\"6d9856f\" data-element_type=\"container\" data-e-type=\"container\">\n\t\t<div class=\"elementor-element elementor-element-f5dd60e e-con-full e-flex e-con e-child\" data-id=\"f5dd60e\" data-element_type=\"container\" data-e-type=\"container\" data-settings=\"{&quot;background_background&quot;:&quot;classic&quot;}\">\n\t\t<div class=\"elementor-element elementor-element-474cdc7 e-con-full columna-1 e-flex e-con e-child\" data-id=\"474cdc7\" data-element_type=\"container\" data-e-type=\"container\">\n\t\t\t\t<div class=\"elementor-element elementor-element-34c6d23 e-transform elementor-widget elementor-widget-heading\" data-id=\"34c6d23\" data-element_type=\"widget\" data-e-type=\"widget\" data-settings=\"{&quot;_transform_rotateZ_effect&quot;:{&quot;unit&quot;:&quot;px&quot;,&quot;size&quot;:&quot;&quot;,&quot;sizes&quot;:[]},&quot;_transform_rotateZ_effect_tablet&quot;:{&quot;unit&quot;:&quot;deg&quot;,&quot;size&quot;:&quot;&quot;,&quot;sizes&quot;:[]},&quot;_transform_rotateZ_effect_mobile&quot;:{&quot;unit&quot;:&quot;deg&quot;,&quot;size&quot;:&quot;&quot;,&quot;sizes&quot;:[]}}\" data-widget_type=\"heading.default\">\n\t\t\t\t\t<h2 class=\"elementor-heading-title elementor-size-default\"><br>BOOKING<\/h2>\t\t\t\t<\/div>\n\t\t\t\t<div class=\"elementor-element elementor-element-914c4d6 syspa-text elementor-widget elementor-widget-text-editor\" data-id=\"914c4d6\" data-element_type=\"widget\" data-e-type=\"widget\" data-widget_type=\"text-editor.default\">\n\t\t\t\t\t\t\t\t\t<p><span style=\"font-weight: 400;\">We connect artists with the right stages \u2014events, festivals, and concerts\u2014 through our network and industry insight.<\/span><\/p>\n<p><span style=\"font-weight: 400;\">Our focus is on matching artists and opportunities to maximize impact and audience reach.<\/span><\/p>\n<p><span style=\"font-weight: 400;\">Every performance is designed to work \u2014for the artist, the audience, and the promoter.<\/span><\/p>\t\t\t\t\t\t\t\t<\/div>\n\t\t\t\t<div class=\"elementor-element elementor-element-53f4320 elementor-align-center syspa-boton elementor-widget elementor-widget-button\" data-id=\"53f4320\" data-element_type=\"widget\" data-e-type=\"widget\" data-widget_type=\"button.default\">\n\t\t\t\t\t\t\t\t\t\t<a class=\"elementor-button elementor-button-link elementor-size-sm\" href=\"https:\/\/mayrit.eu\/en\/contacto\/\">\n\t\t\t\t\t\t<span class=\"elementor-button-content-wrapper\">\n\t\t\t\t\t\t\t\t\t<span class=\"elementor-button-text\">LET'S START!<\/span>\n\t\t\t\t\t<\/span>\n\t\t\t\t\t<\/a>\n\t\t\t\t\t\t\t\t<\/div>\n\t\t\t\t<\/div>\n\t\t\t\t<\/div>\n\t\t\t\t<\/div>\n\t\t<div class=\"elementor-element elementor-element-ea0e6cb e-con-full e-flex e-con e-child\" data-id=\"ea0e6cb\" data-element_type=\"container\" data-e-type=\"container\">\n\t\t<div class=\"elementor-element elementor-element-f52d59e e-con-full e-flex e-con e-child\" data-id=\"f52d59e\" data-element_type=\"container\" data-e-type=\"container\" data-settings=\"{&quot;background_background&quot;:&quot;classic&quot;}\">\n\t\t<div class=\"elementor-element elementor-element-6dd0fac e-con-full columna-1 e-flex e-con e-child\" data-id=\"6dd0fac\" data-element_type=\"container\" data-e-type=\"container\">\n\t\t\t\t<div class=\"elementor-element elementor-element-50078fb elementor-widget elementor-widget-heading\" data-id=\"50078fb\" data-element_type=\"widget\" data-e-type=\"widget\" data-widget_type=\"heading.default\">\n\t\t\t\t\t<h2 class=\"elementor-heading-title elementor-size-default\">MANAGEMENT<\/h2>\t\t\t\t<\/div>\n\t\t\t\t<div class=\"elementor-element elementor-element-2a36aeb syspa-text elementor-widget elementor-widget-text-editor\" data-id=\"2a36aeb\" data-element_type=\"widget\" data-e-type=\"widget\" data-widget_type=\"text-editor.default\">\n\t\t\t\t\t\t\t\t\t<p><span style=\"font-weight: 400;\">We connect artists with the right stages \u2014events, festivals, and concerts\u2014 through our network and industry insight.<\/span><\/p><p><span style=\"font-weight: 400;\">Our focus is on matching artists and opportunities to maximize impact and audience reach.<\/span><\/p><p><span style=\"font-weight: 400;\">Every performance is designed to work \u2014for the artist, the audience, and the promoter.<\/span><\/p>\t\t\t\t\t\t\t\t<\/div>\n\t\t\t\t<div class=\"elementor-element elementor-element-c91b8de elementor-align-center syspa-boton elementor-widget elementor-widget-button\" data-id=\"c91b8de\" data-element_type=\"widget\" data-e-type=\"widget\" data-widget_type=\"button.default\">\n\t\t\t\t\t\t\t\t\t\t<a class=\"elementor-button elementor-button-link elementor-size-sm\" href=\"https:\/\/mayrit.eu\/en\/contacto\/\">\n\t\t\t\t\t\t<span class=\"elementor-button-content-wrapper\">\n\t\t\t\t\t\t\t\t\t<span class=\"elementor-button-text\">LET'S START!<\/span>\n\t\t\t\t\t<\/span>\n\t\t\t\t\t<\/a>\n\t\t\t\t\t\t\t\t<\/div>\n\t\t\t\t<\/div>\n\t\t\t\t<\/div>\n\t\t\t\t<div class=\"elementor-element elementor-element-d40f1ac elementor-widget elementor-widget-html\" data-id=\"d40f1ac\" data-element_type=\"widget\" data-e-type=\"widget\" data-widget_type=\"html.default\">\n\t\t\t\t\t<style>\n.columna-1 {\n  overflow: hidden;\n}\n.columna-1 .syspa-text, .syspa-boton {\n  transition: all 0.5s ease;\n  opacity: 0;\n  margin-top: -80px;\n}\n.columna-1:hover .syspa-text,\n.columna-1:hover .syspa-boton {\n  opacity: 1;\n  margin-top: 20px;\n}\n\n.columna-2 .syspa-text, .syspa-boton {\n  transition: all 0.5s ease;\n  opacity: 0;\n  margin-top: -80px;\n}\n.columna-2:hover .syspa-text,\n.columna-2:hover .syspa-boton {\n  opacity: 1;\n  margin-top: 20px;\n}\n\n.columna-3 .syspa-text, .syspa-boton {\n  transition: all 0.5s ease;\n  opacity: 0;\n  margin-top: -80px;\n}\n.columna-3:hover .syspa-text,\n.columna-3:hover .syspa-boton {\n  opacity: 1;\n  margin-top: 20px;\n}\n<\/style>\t\t\t\t<\/div>\n\t\t\t\t<\/div>\n\t\t<div class=\"elementor-element elementor-element-98673b2 e-con-full e-flex e-con e-child\" data-id=\"98673b2\" data-element_type=\"container\" data-e-type=\"container\">\n\t\t<div class=\"elementor-element elementor-element-aab12c5 e-con-full e-flex e-con e-child\" data-id=\"aab12c5\" data-element_type=\"container\" data-e-type=\"container\" data-settings=\"{&quot;background_background&quot;:&quot;classic&quot;}\">\n\t\t<div class=\"elementor-element elementor-element-5a5f079 e-con-full columna-1 e-flex e-con e-child\" data-id=\"5a5f079\" data-element_type=\"container\" data-e-type=\"container\">\n\t\t\t\t<div class=\"elementor-element elementor-element-a2c077e elementor-widget elementor-widget-heading\" data-id=\"a2c077e\" data-element_type=\"widget\" data-e-type=\"widget\" data-widget_type=\"heading.default\">\n\t\t\t\t\t<h2 class=\"elementor-heading-title elementor-size-default\">MUSICAL MARKETING<\/h2>\t\t\t\t<\/div>\n\t\t\t\t<div class=\"elementor-element elementor-element-6438be5 syspa-text elementor-widget elementor-widget-text-editor\" data-id=\"6438be5\" data-element_type=\"widget\" data-e-type=\"widget\" data-widget_type=\"text-editor.default\">\n\t\t\t\t\t\t\t\t\t<p><span style=\"font-weight: 400;\">We connect artists with the right stages \u2014events, festivals, and concerts\u2014 through our network and industry insight.<\/span><\/p><p><span style=\"font-weight: 400;\">Our focus is on matching artists and opportunities to maximize impact and audience reach.<\/span><\/p><p><span style=\"font-weight: 400;\">Every performance is designed to work \u2014for the artist, the audience, and the promoter.<\/span><\/p>\t\t\t\t\t\t\t\t<\/div>\n\t\t\t\t<div class=\"elementor-element elementor-element-d4d5446 elementor-align-center syspa-boton elementor-widget elementor-widget-button\" data-id=\"d4d5446\" data-element_type=\"widget\" data-e-type=\"widget\" data-widget_type=\"button.default\">\n\t\t\t\t\t\t\t\t\t\t<a class=\"elementor-button elementor-button-link elementor-size-sm\" href=\"https:\/\/mayrit.eu\/en\/contacto\/\">\n\t\t\t\t\t\t<span class=\"elementor-button-content-wrapper\">\n\t\t\t\t\t\t\t\t\t<span class=\"elementor-button-text\">LET'S START!<\/span>\n\t\t\t\t\t<\/span>\n\t\t\t\t\t<\/a>\n\t\t\t\t\t\t\t\t<\/div>\n\t\t\t\t<\/div>\n\t\t\t\t<\/div>\n\t\t\t\t<\/div>\n\t\t\t\t<\/div>\n\t\t\t\t<\/div>","protected":false},"excerpt":{"rendered":"<p>TOUR MANAGEMENT Somos tu oficina en Espa\u00f1a: gestionamos todo lo que necesita una gira internacional para funcionar. Desde los vuelos y el alojamiento hasta el cobro de cach\u00e9s, los pagos a proveedores y la liquidaci\u00f3n final con promotores. T\u00fa tocas. Nosotros nos encargamos del resto. \u00a1EMPECEMOS! Dise\u00f1amos y producimos eventos privados y corporativos a medida, [&hellip;]<\/p>\n","protected":false},"author":2,"featured_media":0,"parent":0,"menu_order":0,"comment_status":"closed","ping_status":"closed","template":"","meta":{"footnotes":""},"class_list":["post-43","page","type-page","status-publish","hentry"],"_links":{"self":[{"href":"https:\/\/mayrit.eu\/en\/wp-json\/wp\/v2\/pages\/43","targetHints":{"allow":["GET"]}}],"collection":[{"href":"https:\/\/mayrit.eu\/en\/wp-json\/wp\/v2\/pages"}],"about":[{"href":"https:\/\/mayrit.eu\/en\/wp-json\/wp\/v2\/types\/page"}],"author":[{"embeddable":true,"href":"https:\/\/mayrit.eu\/en\/wp-json\/wp\/v2\/users\/2"}],"replies":[{"embeddable":true,"href":"https:\/\/mayrit.eu\/en\/wp-json\/wp\/v2\/comments?post=43"}],"version-history":[{"count":87,"href":"https:\/\/mayrit.eu\/en\/wp-json\/wp\/v2\/pages\/43\/revisions"}],"predecessor-version":[{"id":481,"href":"https:\/\/mayrit.eu\/en\/wp-json\/wp\/v2\/pages\/43\/revisions\/481"}],"wp:attachment":[{"href":"https:\/\/mayrit.eu\/en\/wp-json\/wp\/v2\/media?parent=43"}],"curies":[{"name":"wp","href":"https:\/\/api.w.org\/{rel}","templated":true}]}}